{"id":1487,"date":"2020-01-07T10:54:56","date_gmt":"2020-01-07T09:54:56","guid":{"rendered":"https:\/\/www.ernestpianotrio.com\/clement-dami\/"},"modified":"2024-02-08T15:28:36","modified_gmt":"2024-02-08T14:28:36","slug":"clement-dami","status":"publish","type":"page","link":"https:\/\/www.ernestpianotrio.com\/en\/clement-dami\/","title":{"rendered":"Cl\u00e9ment Dami"},"content":{"rendered":"<p>[et_pb_section fb_built=&#8221;1&#8243; module_id=&#8221;entete-beige&#8221; _builder_version=&#8221;4.0.8&#8243; background_color=&#8221;#f1eee7&#8243; custom_padding=&#8221;0px||0px||false|false&#8221;][et_pb_row column_structure=&#8221;1_4,3_4&#8243; _builder_version=&#8221;4.0.8&#8243;][et_pb_column type=&#8221;1_4&#8243; _builder_version=&#8221;4.0.8&#8243;][et_pb_text module_id=&#8221;entete-biographies&#8221; _builder_version=&#8221;4.0.8&#8243;]<\/p>\n<div class=\"et_pb_title_container\">\n<h1><span>About<\/span> us<\/h1>\n<\/div>\n<p>[\/et_pb_text][\/et_pb_column][et_pb_column type=&#8221;3_4&#8243; _builder_version=&#8221;4.0.8&#8243;][et_pb_menu menu_id=&#8221;3&#8243; active_link_color=&#8221;#000000&#8243; module_id=&#8221;menu-bios&#8221; _builder_version=&#8221;4.0.8&#8243; menu_text_color=&#8221;#e6332a&#8221; menu_font_size=&#8221;18px&#8221; background_color=&#8221;rgba(255,255,255,0)&#8221; min_height=&#8221;19px&#8221; custom_padding=&#8221;20px|||||&#8221;][\/et_pb_menu][\/et_pb_column][\/et_pb_row][\/et_pb_section][et_pb_section fb_built=&#8221;1&#8243; _builder_version=&#8221;4.0.8&#8243;][et_pb_row column_structure=&#8221;2_5,3_5&#8243; _builder_version=&#8221;4.0.8&#8243;][et_pb_column type=&#8221;2_5&#8243; _builder_version=&#8221;4.0.8&#8243;][et_pb_image src=&#8221;https:\/\/www.ernestpianotrio.com\/wp-content\/uploads\/2023\/12\/Cl\u00e9ment-Dami-\u00a9-Bernard-Martinez-2.jpg&#8221; _builder_version=&#8221;4.0.8&#8243; hover_enabled=&#8221;0&#8243;][\/et_pb_image][\/et_pb_column][et_pb_column type=&#8221;3_5&#8243; _builder_version=&#8221;4.0.8&#8243;][et_pb_text _builder_version=&#8221;4.0.8&#8243; _dynamic_attributes=&#8221;content&#8221; custom_margin=&#8221;||10px|||&#8221;]@ET-DC@eyJkeW5hbWljIjp0cnVlLCJjb250ZW50IjoicG9zdF90aXRsZSIsInNldHRpbmdzIjp7ImJlZm9yZSI6IjxoMj4iLCJhZnRlciI6IjxcL2gyPiJ9fQ==@[\/et_pb_text][et_pb_text _builder_version=&#8221;4.0.8&#8243; custom_padding=&#8221;||3px|||&#8221;]<\/p>\n<p><span style=\"font-weight: 400;\">Cl\u00e9ment Dami, cellist based in Geneva, performs as a soloist and a chamber musician in Switzerland and Europa. As a soloist, he played under the direction of conductors such as Pierre Bleuse, David Greilsammer and Philippe B\u00e9ran, in settings like the gardens La Mortella in Ischia (Italy), the Ravello Festival (Italy), the festival Septembre Musical Montreux-Vevey (Switzerland) and the Festival Arosa Kultur (Switzerland).<\/span><\/p>\n<p><span style=\"font-weight: 400;\">This chamber music enthusiast formed the Trio Ernest in Geneva, which allowed him to meet some of the greatest masters in the field, especially through his participation to the ProQuartet and the European Chamber Music Academy programs. The Trio has been in residence at the Queen Elisabeth Music Chapel since September 2020 as well as resident at ProQuartet, and it integrated the European Chamber Music Academy in June 2021. It has won several international awards (FNAPEC European contest in Paris, Orpheus Competition in Z\u00fcrich, Acad\u00e9mie Ravel) and performed throughout Europe.<\/span><\/p>\n<p><span style=\"font-weight: 400;\">In June 2018, Cl\u00e9ment Dami graduated from the Haute \u00c9cole de Musique de Gen\u00e8ve, completing his master\u2019s degree in Fran\u00e7ois Guye\u2019s class. He attended various masterclasses held by Jean-Guihen Queyras, Jeroen Reuling, Marc Coppey, Gary Hoffman, Gustav Rivinius and Frans Helmerson.<\/span><\/p>\n<p><span style=\"font-weight: 400;\">Several times a winner of the Swiss Youth Music Competition (SYMC) both as a chamber music player and a soloist, he won in particular a first prize with honors and the EMCY special prize in 2012. In 2013, the Friedl Wald Foundation granted him a scholarship. In 2015, he won the special prize Albert Lullin and, in 2018, the Adolphe Neuman prize, both awarded by the HEM of Geneva. He had the occasion to perform on stage with renowned artists such as Miguel Da Silava, Patrick Genet, Oph\u00e9lie Gaillard or Stephan MacLeod.<\/span><\/p>\n<p><span style=\"font-weight: 400;\">Early music soon played a significant part in his musical studies. He got acquainted with baroque cello during his studies at the CPMDT (Conservatoire populaire de musique, danse et th\u00e9\u00e2tre in Geneva), then perfected his training with Bruno Cocset for the major part of his studies at the HEM of Geneva. He <\/span><span style=\"font-weight: 400;\">regularly performs with this instrument as a soloist, in chamber music and with orchestra.<\/span><\/p>\n<p>[\/et_pb_text][\/et_pb_column][\/et_pb_row][\/et_pb_section]<\/p>\n","protected":false},"excerpt":{"rendered":"<p>About us Cl\u00e9ment Dami, cellist based in Geneva, performs as a soloist and a chamber musician in Switzerland and Europa. As a soloist, he played under the direction of conductors [&hellip;]<\/p>\n","protected":false},"author":2,"featured_media":0,"parent":0,"menu_order":0,"comment_status":"closed","ping_status":"closed","template":"","meta":{"_et_pb_use_builder":"on","_et_pb_old_content":"","_et_gb_content_width":"","footnotes":""},"class_list":["post-1487","page","type-page","status-publish","hentry"],"_links":{"self":[{"href":"https:\/\/www.ernestpianotrio.com\/en\/wp-json\/wp\/v2\/pages\/1487","targetHints":{"allow":["GET"]}}],"collection":[{"href":"https:\/\/www.ernestpianotrio.com\/en\/wp-json\/wp\/v2\/pages"}],"about":[{"href":"https:\/\/www.ernestpianotrio.com\/en\/wp-json\/wp\/v2\/types\/page"}],"author":[{"embeddable":true,"href":"https:\/\/www.ernestpianotrio.com\/en\/wp-json\/wp\/v2\/users\/2"}],"replies":[{"embeddable":true,"href":"https:\/\/www.ernestpianotrio.com\/en\/wp-json\/wp\/v2\/comments?post=1487"}],"version-history":[{"count":9,"href":"https:\/\/www.ernestpianotrio.com\/en\/wp-json\/wp\/v2\/pages\/1487\/revisions"}],"predecessor-version":[{"id":1926,"href":"https:\/\/www.ernestpianotrio.com\/en\/wp-json\/wp\/v2\/pages\/1487\/revisions\/1926"}],"wp:attachment":[{"href":"https:\/\/www.ernestpianotrio.com\/en\/wp-json\/wp\/v2\/media?parent=1487"}],"curies":[{"name":"wp","href":"https:\/\/api.w.org\/{rel}","templated":true}]}}