{"id":1484,"date":"2020-01-07T10:48:13","date_gmt":"2020-01-07T09:48:13","guid":{"rendered":"https:\/\/www.ernestpianotrio.com\/stanislas-gosset\/"},"modified":"2024-04-30T10:57:30","modified_gmt":"2024-04-30T08:57:30","slug":"stanislas-gosset","status":"publish","type":"page","link":"https:\/\/www.ernestpianotrio.com\/en\/stanislas-gosset\/","title":{"rendered":"Stanislas Gosset"},"content":{"rendered":"<p>[et_pb_section fb_built=&#8221;1&#8243; module_id=&#8221;entete-beige&#8221; _builder_version=&#8221;4.0.8&#8243; background_color=&#8221;#f1eee7&#8243; custom_padding=&#8221;0px||0px||false|false&#8221;][et_pb_row column_structure=&#8221;1_4,3_4&#8243; _builder_version=&#8221;4.0.8&#8243;][et_pb_column type=&#8221;1_4&#8243; _builder_version=&#8221;4.0.8&#8243;][et_pb_text module_id=&#8221;entete-biographies&#8221; _builder_version=&#8221;4.0.8&#8243;]<\/p>\n<div class=\"et_pb_title_container\">\n<h1>About us<\/h1>\n<\/div>\n<p>[\/et_pb_text][\/et_pb_column][et_pb_column type=&#8221;3_4&#8243; _builder_version=&#8221;4.0.8&#8243;][et_pb_menu menu_id=&#8221;3&#8243; active_link_color=&#8221;#000000&#8243; module_id=&#8221;menu-bios&#8221; _builder_version=&#8221;4.0.8&#8243; menu_text_color=&#8221;#e6332a&#8221; menu_font_size=&#8221;18px&#8221; background_color=&#8221;rgba(255,255,255,0)&#8221; min_height=&#8221;19px&#8221; custom_padding=&#8221;20px|||||&#8221;][\/et_pb_menu][\/et_pb_column][\/et_pb_row][\/et_pb_section][et_pb_section fb_built=&#8221;1&#8243; _builder_version=&#8221;4.0.8&#8243;][et_pb_row column_structure=&#8221;2_5,3_5&#8243; _builder_version=&#8221;4.0.8&#8243;][et_pb_column type=&#8221;2_5&#8243; _builder_version=&#8221;4.0.8&#8243;][et_pb_image src=&#8221;https:\/\/www.ernestpianotrio.com\/wp-content\/uploads\/2023\/12\/Stanislas-Gosset-\u00a9-Bernard-Martinez-1.jpg&#8221; _builder_version=&#8221;4.0.8&#8243;][\/et_pb_image][\/et_pb_column][et_pb_column type=&#8221;3_5&#8243; _builder_version=&#8221;4.0.8&#8243;][et_pb_text _builder_version=&#8221;4.0.8&#8243; _dynamic_attributes=&#8221;content&#8221; custom_margin=&#8221;||10px|||&#8221;]@ET-DC@eyJkeW5hbWljIjp0cnVlLCJjb250ZW50IjoicG9zdF90aXRsZSIsInNldHRpbmdzIjp7ImJlZm9yZSI6IjxoMj4iLCJhZnRlciI6IjxcL2gyPiJ9fQ==@[\/et_pb_text][et_pb_text _builder_version=&#8221;4.0.8&#8243; custom_padding=&#8221;||7px|||&#8221;]<\/p>\n<p style=\"text-align: justify;\">An inquisitive and creative violinist, Stanislas Gosset leads a rich career as a concert artist. He performs on prestigious stages in France (Grande Salle de la Philharmonie de Paris, Auditorium de la Seine Musicale, Salle Cortot) and internationally (Shanghai Oriental Art Center, Bozar in Brussels, Salle Franz Liszt in Geneva, Jerusalem University of Arts, Franz Liszt Academy in Budapest, Schoenberg Center in Vienna, etc.). He shares the stage with musicians such as Oph\u00e9lie Gaillard, Philippe Graffin, Marie-Jos\u00e8phe Jude, Christian-Pierre Lamarca, Genevi\u00e8ve Laurenceau, Stephan MacLeod, C\u00e9dric Pescia, Gabriel Pidoux, Vassilena Serafimova, Marianna Shirinyan and others. As a soloist with orchestra, he has performed with the Orchestre de l&#8217;Op\u00e9ra de Rouen Normandie, the Juventutti Orchestra, the Geidai University Orchestra (Tokyo), the Geneva HEM Orchestra and the Cordes et Pics Festival Orchestra, under conductors such as Kazuki Sawa, Jean-Marc Phillips-Varjab\u00e9dian and Chloe Rooke.<\/p>\n<p style=\"text-align: justify;\">He founded the Trio Ernest in 2019 with Natasha Roque Alsina, piano, and Cl\u00e9ment Dami, cello. Their first recording, <em>Haydn All-Stars<\/em>, released in 2024 on the Apart\u00e9 label, has won praise from the international press (Gramophone Editor&#8217;s Choice, Troph\u00e9e Radio Classique, 5 diapasons).<\/p>\n<p style=\"text-align: justify;\">Active in the field of contemporary music, he is one of the dedicatees of Carlos Roque Alsina&#8217;s &#8220;Trio 2019&#8221;, as well as Alain Besson&#8217;s &#8220;Ce double de mon \u00eatre&#8221; for violin and piano, which he will record in December 2023 for the Coriolan label. He plays regularly with the Lemanic Modern Ensemble.<\/p>\n<p style=\"text-align: justify;\">In 2015, as a production and artistic direction enthusiast, he creates the chamber music festival \u201cLes fieff\u00e9s Musiciens\u201d, in the Cotentin region in Northwestern France. Renowned for the \u201cingenious audacity\u201d of its programming (La presse de la Manche, October 2020), the festival soon found its place in the rich French musical landscape. <\/p>\n<p style=\"text-align: justify;\">Stanislas studied at the Haute \u00c9cole de Musique de Gen\u00e8ve in Marie-Annick Nicolas and Gabor Takacs-Nagy\u2019s classes. He went on to perfect his skills at the Acad\u00e9mie Jaroussky with Genevi\u00e8ve Laurenceau, at the Queen Elisabeth Chapel in the chamber music class of the Artemis Quartet and Corina Belcea, and at the Hochschule der K\u00fcnste Bern in the chamber music class of Patrick J\u00fcdt.<\/p>\n<p>&nbsp;<\/p>\n<p style=\"text-align: left;\"><span> <\/span><\/p>\n<p>[\/et_pb_text][\/et_pb_column][\/et_pb_row][\/et_pb_section]<\/p>\n","protected":false},"excerpt":{"rendered":"<p>About us An inquisitive and creative violinist, Stanislas Gosset leads a rich career as a concert artist. He performs on prestigious stages in France (Grande Salle de la Philharmonie de [&hellip;]<\/p>\n","protected":false},"author":2,"featured_media":0,"parent":0,"menu_order":0,"comment_status":"closed","ping_status":"closed","template":"","meta":{"_et_pb_use_builder":"on","_et_pb_old_content":"","_et_gb_content_width":"","footnotes":""},"class_list":["post-1484","page","type-page","status-publish","hentry"],"_links":{"self":[{"href":"https:\/\/www.ernestpianotrio.com\/en\/wp-json\/wp\/v2\/pages\/1484","targetHints":{"allow":["GET"]}}],"collection":[{"href":"https:\/\/www.ernestpianotrio.com\/en\/wp-json\/wp\/v2\/pages"}],"about":[{"href":"https:\/\/www.ernestpianotrio.com\/en\/wp-json\/wp\/v2\/types\/page"}],"author":[{"embeddable":true,"href":"https:\/\/www.ernestpianotrio.com\/en\/wp-json\/wp\/v2\/users\/2"}],"replies":[{"embeddable":true,"href":"https:\/\/www.ernestpianotrio.com\/en\/wp-json\/wp\/v2\/comments?post=1484"}],"version-history":[{"count":10,"href":"https:\/\/www.ernestpianotrio.com\/en\/wp-json\/wp\/v2\/pages\/1484\/revisions"}],"predecessor-version":[{"id":2051,"href":"https:\/\/www.ernestpianotrio.com\/en\/wp-json\/wp\/v2\/pages\/1484\/revisions\/2051"}],"wp:attachment":[{"href":"https:\/\/www.ernestpianotrio.com\/en\/wp-json\/wp\/v2\/media?parent=1484"}],"curies":[{"name":"wp","href":"https:\/\/api.w.org\/{rel}","templated":true}]}}