{"id":1500,"date":"2020-01-07T10:57:01","date_gmt":"2020-01-07T09:57:01","guid":{"rendered":"https:\/\/www.ernestpianotrio.com\/natasha-roque-alsina\/"},"modified":"2024-02-08T16:02:47","modified_gmt":"2024-02-08T15:02:47","slug":"natasha-roque-alsina","status":"publish","type":"page","link":"https:\/\/www.ernestpianotrio.com\/de\/natasha-roque-alsina\/","title":{"rendered":"Natasha Roque Alsina"},"content":{"rendered":"<p>[et_pb_section fb_built=&#8220;1&#8243; module_id=&#8220;entete-beige&#8220; _builder_version=&#8220;4.0.8&#8243; background_color=&#8220;#f1eee7&#8243; custom_padding=&#8220;0px||0px||false|false&#8220;][et_pb_row column_structure=&#8220;1_4,3_4&#8243; _builder_version=&#8220;4.0.8&#8243;][et_pb_column type=&#8220;1_4&#8243; _builder_version=&#8220;4.0.8&#8243;][et_pb_text module_id=&#8220;entete-biographies&#8220; _builder_version=&#8220;4.0.8&#8243;]<\/p>\n<div class=\"et_pb_title_container\">\n<h1>\u00dcber uns<\/h1>\n<\/div>\n<p>[\/et_pb_text][\/et_pb_column][et_pb_column type=&#8220;3_4&#8243; _builder_version=&#8220;4.0.8&#8243;][et_pb_menu menu_id=&#8220;3&#8243; active_link_color=&#8220;#000000&#8243; module_id=&#8220;menu-bios&#8220; _builder_version=&#8220;4.0.8&#8243; menu_text_color=&#8220;#e6332a&#8220; menu_font_size=&#8220;18px&#8220; background_color=&#8220;rgba(255,255,255,0)&#8220; min_height=&#8220;19px&#8220; custom_padding=&#8220;20px|||||&#8220;][\/et_pb_menu][\/et_pb_column][\/et_pb_row][\/et_pb_section][et_pb_section fb_built=&#8220;1&#8243; _builder_version=&#8220;4.0.8&#8243;][et_pb_row column_structure=&#8220;2_5,3_5&#8243; _builder_version=&#8220;4.0.8&#8243;][et_pb_column type=&#8220;2_5&#8243; _builder_version=&#8220;4.0.8&#8243;][et_pb_image src=&#8220;https:\/\/www.ernestpianotrio.com\/wp-content\/uploads\/2023\/12\/Natasha-Roque-Alsina-\u00a9-Bernard-Martinez-1.jpg&#8220; _builder_version=&#8220;4.0.8&#8243; hover_enabled=&#8220;0&#8243;][\/et_pb_image][\/et_pb_column][et_pb_column type=&#8220;3_5&#8243; _builder_version=&#8220;4.0.8&#8243;][et_pb_text _builder_version=&#8220;4.0.8&#8243; _dynamic_attributes=&#8220;content&#8220; custom_margin=&#8220;||10px|||&#8220;]@ET-DC@eyJkeW5hbWljIjp0cnVlLCJjb250ZW50IjoicG9zdF90aXRsZSIsInNldHRpbmdzIjp7ImJlZm9yZSI6IjxoMj4iLCJhZnRlciI6IjxcL2gyPiJ9fQ==@[\/et_pb_text][et_pb_text _builder_version=&#8220;4.0.8&#8243;]<\/p>\n<p><span style=\"font-weight: 400;\">Die Pianistin Natasha Roque Alsina wurde in Paris in eine Musikerfamilie hineingeboren und gab im Alter von zehn Jahren ihr erstes Konzert im Salle Cortot. Seitdem tritt sie regelm\u00e4\u00dfig als Solistin mit dem Luzerner Symphonieorchester (LSO) unter James Gaffigan, dem Argovia Philharmonic Orchestra, dem Luzerner Kammerorchester, den Orchestern der Konservatorien von Lille, Aix-en-Provence und Saint Maur sowie in Konzerts\u00e4len wie dem KKL in Luzern und der Victoria Hall in Genf auf; sowie bei renommierten Festivals wie La Roque d&#8217;Anth\u00e9ron (Ensemble in Residence), Festival des Nuits Pianistiques, Le Centre de Musique de Chambre de Paris, Piano en Saintonge, Les Moments Musicaux de Chalosse, Le Festival Jeunes Talents, Festival des Rav\u00e9liades, Festival de Piano de Gen\u00e8ve, Swiss Chamber Music Festival, Les Schubertiades de Sion. Bei verschiedenen Gelegenheiten sendet sie live auf France Musique sowie auf Radio T\u00e9l\u00e9vision Suisse-espace 2.<\/span><\/p>\n<p><span style=\"font-weight: 400;\">Als leidenschaftliche Kammermusikerin gr\u00fcndet sie im April 2019 das Ernest Trio mit dem Geiger Stanislas Gosset und dem Cellisten Cl\u00e9ment Dami. Einen Monat sp\u00e4ter gewannen sie den Pro-Quartett-Preis beim europ\u00e4ischen Wettbewerb der FNAPEC und traten fortan in ganz Europa auf. Im September 2020 wurde das Trio zum Artist in Residence der Chapelle Musicale Reine Elisabeth ernannt.<\/span><\/p>\n<p><span style=\"font-weight: 400;\">Preistr\u00e4gerin mehrerer internationaler Wettbewerbe, darunter der 1. Preis des Yamaha-Wettbewerbs (2008), der 2. Preis des Edwin-Fisher-Wettbewerbs (2011), der 1. Preis des Hella-Siegrith-Stipendiums (2013, 2016), der Ravel-Grand-Prix (2015) sowie der Sonderpreis Orpheus Competition (2018). Nach ihrem Studium am CRR Saint-Maur in der Klasse von Romano Pallottini trat Natasha 2008 einstimmig in die Klasse von Theodor Paraskivesco und sp\u00e4ter von Nicholas Angelich (Assistent Franck Braley) am Conservatoire National Sup\u00e9rieur de Musique de Paris ein.<\/span><\/p>\n<p><span style=\"font-weight: 400;\">Dort machte sie ihren Abschluss in Klavier, sowie in Kammermusik (in der Klasse von Claire D\u00e9sert) und Gesangsleitung (in der Klasse von Erika Guiomar).<\/span><\/p>\n<p><span style=\"font-weight: 400;\">Ab 2012 wird sie ihr Studium an der Hochschule Luzern in der Klasse von Konstantin Lifschitz fortsetzen, bei dem sie einen ersten Master (first named) erwerben wird, bevor sie mit einem Master als Solistin fortfahren wird. W\u00e4hrend ihrer gesamten Laufbahn hatte Natasha das Privileg, wertvolle Ratschl\u00e4ge von ihrem Vater zu erhalten, sowie von vielen Musikern, die sie bei Meisterkursen oder Akademien kennengelernt hat, wie Menahem Pressler, Jean-Claude Pennetier, Hamish Milne, Anne Queffelec, Avedis Kouyoumdjan, Robert Levin usw.<\/span><\/p>\n<p style=\"text-align: left;\">\n<p><span style=\"font-weight: 400;\">Natasha hat ein C.A. und ist Klavierlehrerin am Conservatoire Populaire de Gen\u00e8ve (CPMDT).<\/span><\/p>\n<p>[\/et_pb_text][\/et_pb_column][\/et_pb_row][\/et_pb_section]<\/p>\n","protected":false},"excerpt":{"rendered":"<p>\u00dcber uns Die Pianistin Natasha Roque Alsina wurde in Paris in eine Musikerfamilie hineingeboren und gab im Alter von zehn Jahren ihr erstes Konzert im Salle Cortot. Seitdem tritt sie [&hellip;]<\/p>\n","protected":false},"author":2,"featured_media":0,"parent":0,"menu_order":0,"comment_status":"closed","ping_status":"closed","template":"","meta":{"_et_pb_use_builder":"on","_et_pb_old_content":"","_et_gb_content_width":"","footnotes":""},"class_list":["post-1500","page","type-page","status-publish","hentry"],"_links":{"self":[{"href":"https:\/\/www.ernestpianotrio.com\/de\/wp-json\/wp\/v2\/pages\/1500","targetHints":{"allow":["GET"]}}],"collection":[{"href":"https:\/\/www.ernestpianotrio.com\/de\/wp-json\/wp\/v2\/pages"}],"about":[{"href":"https:\/\/www.ernestpianotrio.com\/de\/wp-json\/wp\/v2\/types\/page"}],"author":[{"embeddable":true,"href":"https:\/\/www.ernestpianotrio.com\/de\/wp-json\/wp\/v2\/users\/2"}],"replies":[{"embeddable":true,"href":"https:\/\/www.ernestpianotrio.com\/de\/wp-json\/wp\/v2\/comments?post=1500"}],"version-history":[{"count":12,"href":"https:\/\/www.ernestpianotrio.com\/de\/wp-json\/wp\/v2\/pages\/1500\/revisions"}],"predecessor-version":[{"id":1975,"href":"https:\/\/www.ernestpianotrio.com\/de\/wp-json\/wp\/v2\/pages\/1500\/revisions\/1975"}],"wp:attachment":[{"href":"https:\/\/www.ernestpianotrio.com\/de\/wp-json\/wp\/v2\/media?parent=1500"}],"curies":[{"name":"wp","href":"https:\/\/api.w.org\/{rel}","templated":true}]}}