{"id":1497,"date":"2020-01-07T10:54:56","date_gmt":"2020-01-07T09:54:56","guid":{"rendered":"https:\/\/www.ernestpianotrio.com\/clement-dami\/"},"modified":"2024-02-08T15:55:34","modified_gmt":"2024-02-08T14:55:34","slug":"clement-dami","status":"publish","type":"page","link":"https:\/\/www.ernestpianotrio.com\/de\/clement-dami\/","title":{"rendered":"Cl\u00e9ment Dami"},"content":{"rendered":"<p>[et_pb_section fb_built=&#8220;1&#8243; module_id=&#8220;entete-beige&#8220; _builder_version=&#8220;4.0.8&#8243; background_color=&#8220;#f1eee7&#8243; custom_padding=&#8220;0px||0px||false|false&#8220;][et_pb_row column_structure=&#8220;1_4,3_4&#8243; _builder_version=&#8220;4.0.8&#8243;][et_pb_column type=&#8220;1_4&#8243; _builder_version=&#8220;4.0.8&#8243;][et_pb_text module_id=&#8220;entete-biographies&#8220; _builder_version=&#8220;4.0.8&#8243;]<\/p>\n<div class=\"et_pb_title_container\">\n<h1><span>\u00dcber<\/span> uns<\/h1>\n<\/div>\n<p>[\/et_pb_text][\/et_pb_column][et_pb_column type=&#8220;3_4&#8243; _builder_version=&#8220;4.0.8&#8243;][et_pb_menu menu_id=&#8220;3&#8243; active_link_color=&#8220;#000000&#8243; module_id=&#8220;menu-bios&#8220; _builder_version=&#8220;4.0.8&#8243; menu_text_color=&#8220;#e6332a&#8220; menu_font_size=&#8220;18px&#8220; background_color=&#8220;rgba(255,255,255,0)&#8220; min_height=&#8220;19px&#8220; custom_padding=&#8220;20px|||||&#8220;][\/et_pb_menu][\/et_pb_column][\/et_pb_row][\/et_pb_section][et_pb_section fb_built=&#8220;1&#8243; _builder_version=&#8220;4.0.8&#8243;][et_pb_row column_structure=&#8220;2_5,3_5&#8243; _builder_version=&#8220;4.0.8&#8243;][et_pb_column type=&#8220;2_5&#8243; _builder_version=&#8220;4.0.8&#8243;][et_pb_image src=&#8220;https:\/\/www.ernestpianotrio.com\/wp-content\/uploads\/2023\/12\/Cl\u00e9ment-Dami-\u00a9-Bernard-Martinez-2.jpg&#8220; _builder_version=&#8220;4.0.8&#8243; hover_enabled=&#8220;0&#8243;][\/et_pb_image][\/et_pb_column][et_pb_column type=&#8220;3_5&#8243; _builder_version=&#8220;4.0.8&#8243;][et_pb_text _builder_version=&#8220;4.0.8&#8243; _dynamic_attributes=&#8220;content&#8220; custom_margin=&#8220;||10px|||&#8220;]@ET-DC@eyJkeW5hbWljIjp0cnVlLCJjb250ZW50IjoicG9zdF90aXRsZSIsInNldHRpbmdzIjp7ImJlZm9yZSI6IjxoMj4iLCJhZnRlciI6IjxcL2gyPiJ9fQ==@[\/et_pb_text][et_pb_text _builder_version=&#8220;4.0.8&#8243; custom_padding=&#8220;||3px|||&#8220;]<\/p>\n<p><span style=\"font-weight: 400;\">Der in Genf ans\u00e4ssige Cellist Cl\u00e9ment Dami tritt als Solist und Kammermusiker in der Schweiz und in Europa auf. Als Solist trat er unter anderem unter der Leitung von Pierre Bleuse, David Greilsammer und Philippe B\u00e9ran auf und spielte unter anderem in den La Mortella-G\u00e4rten auf Ischia (Italien), beim Ravello Festival (Italien), beim Septembre Musical Montreux-Vevey (Schweiz) und beim Arosa Kultur Festival (Schweiz).<\/span><\/p>\n<p><span style=\"font-weight: 400;\">Als leidenschaftlicher Kammermusiker gr\u00fcndete er in Genf das Trio Ernest, eine Formation, in der er die gro\u00dfen Meister dieses Fachs kennenlernte, insbesondere durch die Teilnahme an den Programmen des ProQuartetts und der European Chamber Music Academy. Das Trio ist seit September 2020 Resident in der Chapelle Musicale Reine Elisabeth, Resident ProQuartet und wird im Juni 2021 in die European Chamber Music Academy aufgenommen. Er ist Preistr\u00e4ger zahlreicher internationaler Preise (FNAPEC in Paris, Orpheus in Z\u00fcrich, Acad\u00e9mie Ravel) und tritt in ganz Europa auf.<\/span><\/p>\n<p><span style=\"font-weight: 400;\">Cl\u00e9ment Dami hat im Juni 2018 sein Masterstudium in der Klasse von Fran\u00e7ois Guye an der Haute \u00c9cole de Musique de Gen\u00e8ve abgeschlossen. Er nahm an verschiedenen Meisterkursen bei Jean-Guihen Queyras, Jeroen Reuling, Marc Coppey, Gary Hoffman, Gustav Rivinius und Frans Helmerson teil.<\/span><\/p>\n<p><span style=\"font-weight: 400;\">Er ist mehrfacher Preistr\u00e4ger des Schweizer Jugendmusikwettbewerbs in den Bereichen Kammermusik und Solo. Unter anderem gewann er 2012 einen 1. Preis mit Auszeichnung und den EMCY-Sonderpreis. Im Jahr 2013 erhielt er das Stipendium der Friedl Wald Stiftung. 2015 erhielt er den Albert Lullin-Sonderpreis und 2018 den Adolphe Neuman-Preis, die von der HEM Genf verliehen werden. Er konnte mit K\u00fcnstlern wie Miguel Da Silva, Patrick Genet, Oph\u00e9lie Gaillard oder Stephan MacLeod auf der B\u00fchne stehen.<\/span><\/p>\n<p><span style=\"font-weight: 400;\">Die Alte Musik nimmt w\u00e4hrend seiner musikalischen Ausbildung sehr schnell einen wichtigen Platz ein. W\u00e4hrend seines Studiums am CPMDT wurde er in das Barockcello eingef\u00fchrt und vervollkommnete sein K\u00f6nnen bei Bruno Cocset w\u00e4hrend des gr\u00f6\u00dften Teils seines Studiums an der HEM in Genf. Er  <\/span><span style=\"font-weight: 400;\">tritt mit diesem Instrument regelm\u00e4\u00dfig als Solist, in der Kammermusik oder in gr\u00f6\u00dferen Besetzungen auf.<\/span><\/p>\n<p>[\/et_pb_text][\/et_pb_column][\/et_pb_row][\/et_pb_section]<\/p>\n","protected":false},"excerpt":{"rendered":"<p>\u00dcber uns Der in Genf ans\u00e4ssige Cellist Cl\u00e9ment Dami tritt als Solist und Kammermusiker in der Schweiz und in Europa auf. Als Solist trat er unter anderem unter der Leitung [&hellip;]<\/p>\n","protected":false},"author":2,"featured_media":0,"parent":0,"menu_order":0,"comment_status":"closed","ping_status":"closed","template":"","meta":{"_et_pb_use_builder":"on","_et_pb_old_content":"","_et_gb_content_width":"","footnotes":""},"class_list":["post-1497","page","type-page","status-publish","hentry"],"_links":{"self":[{"href":"https:\/\/www.ernestpianotrio.com\/de\/wp-json\/wp\/v2\/pages\/1497","targetHints":{"allow":["GET"]}}],"collection":[{"href":"https:\/\/www.ernestpianotrio.com\/de\/wp-json\/wp\/v2\/pages"}],"about":[{"href":"https:\/\/www.ernestpianotrio.com\/de\/wp-json\/wp\/v2\/types\/page"}],"author":[{"embeddable":true,"href":"https:\/\/www.ernestpianotrio.com\/de\/wp-json\/wp\/v2\/users\/2"}],"replies":[{"embeddable":true,"href":"https:\/\/www.ernestpianotrio.com\/de\/wp-json\/wp\/v2\/comments?post=1497"}],"version-history":[{"count":9,"href":"https:\/\/www.ernestpianotrio.com\/de\/wp-json\/wp\/v2\/pages\/1497\/revisions"}],"predecessor-version":[{"id":1953,"href":"https:\/\/www.ernestpianotrio.com\/de\/wp-json\/wp\/v2\/pages\/1497\/revisions\/1953"}],"wp:attachment":[{"href":"https:\/\/www.ernestpianotrio.com\/de\/wp-json\/wp\/v2\/media?parent=1497"}],"curies":[{"name":"wp","href":"https:\/\/api.w.org\/{rel}","templated":true}]}}